{"id":2130,"date":"2024-08-05T09:28:28","date_gmt":"2024-08-05T14:28:28","guid":{"rendered":"https:\/\/www.marcali.com\/renault\/?page_id=2130"},"modified":"2025-05-07T12:33:45","modified_gmt":"2025-05-07T17:33:45","slug":"renault-pro","status":"publish","type":"page","link":"https:\/\/www.marcali.com\/renault\/renault-pro\/","title":{"rendered":"Renault Pro+"},"content":{"rendered":"<div class=\"wpb-content-wrapper\">[vc_row][vc_column]\n\t\t\t<!-- START Renault Pro+ REVOLUTION SLIDER 6.6.11 --><p class=\"rs-p-wp-fix\"><\/p>\n\t\t\t<rs-module-wrap id=\"rev_slider_8_1_wrapper\" data-source=\"gallery\" style=\"visibility:hidden;background:transparent;padding:0;margin:0px auto;margin-top:0;margin-bottom:0;max-width:1170px;\">\n\t\t\t\t<rs-module id=\"rev_slider_8_1\" class=\" rs-ov-hidden\" style=\"\" data-version=\"6.6.11\">\n\t\t\t\t\t<rs-slides style=\"overflow: hidden; position: absolute;\">\n\t\t\t\t\t\t<rs-slide style=\"position: absolute;\" data-key=\"rs-335\" data-title=\"Slide\" data-link=\"\/\/www.marcali.com\/renault\/noticias-promociones-renault\/\" data-tag=\"l\" data-target=\"_self\" data-seoz=\"front\" data-in=\"o:0;\" data-out=\"a:false;\">\n\t\t\t\t\t\t\t<img src=\"\/\/www.marcali.com\/renault\/wp-content\/plugins\/revslider\/public\/assets\/assets\/dummy.png\" alt=\"\" title=\"renault-pro-banner-1\" width=\"1169\" height=\"500\" class=\"rev-slidebg tp-rs-img rs-lazyload\" data-lazyload=\"\/\/www.marcali.com\/renault\/wp-content\/uploads\/sites\/3\/2024\/08\/renault-pro-banner-1.jpg\" data-bg=\"f:contain;\" data-parallax=\"off\" data-no-retina>\n<!---->\t\t\t\t\t\t<\/rs-slide>\n\t\t\t\t\t<\/rs-slides>\n\t\t\t\t<\/rs-module>\n\t\t\t\t<script>\n\t\t\t\t\tsetREVStartSize({c: 'rev_slider_8_1',rl:[1240,1024,778,480],el:[500],gw:[1170],gh:[500],type:'standard',justify:'',layout:'fullwidth',mh:\"0\"});if (window.RS_MODULES!==undefined && window.RS_MODULES.modules!==undefined && window.RS_MODULES.modules[\"revslider81\"]!==undefined) {window.RS_MODULES.modules[\"revslider81\"].once = false;window.revapi8 = undefined;if (window.RS_MODULES.checkMinimal!==undefined) window.RS_MODULES.checkMinimal()}\n\t\t\t\t<\/script>\n\t\t\t<\/rs-module-wrap>\n\t\t\t<!-- END REVOLUTION SLIDER -->\n[\/vc_column][\/vc_row][vc_row css=\u00bb.vc_custom_1702563074192{margin-top: 30px !important;margin-right: 0px !important;margin-left: 0px !important;border-right-width: 0px !important;border-left-width: 0px !important;padding-right: 0px !important;padding-left: 0px !important;background-color: #ffffff !important;}\u00bb][vc_column][vc_row_inner el_id=\u00bbrenaultpro\u00bb][vc_column_inner][vc_column_text]En Renault sabemos que tu negocio tiene necesidades espec\u00edficas por lo que hemos desarrollado una divisi\u00f3n para asesorarte en la adquisici\u00f3n de veh\u00edculos para tu empresa. Renault Ventas corporativas brinda a sus clientes ofertas comerciales exclusivas y un equipo especializado en soluciones de transporte, carga y pasajeros.<\/p>\n<ul>\n<li>Convenios empresariales.<\/li>\n<li>Licitaciones.<\/li>\n<\/ul>\n[\/vc_column_text][\/vc_column_inner][\/vc_row_inner][\/vc_column][\/vc_row][vc_row css=\u00bb.vc_custom_1702565180393{background-color: #eaeaea !important;}\u00bb][vc_column][vc_column_text]\n<h5 class=\"Component4v0__strapline\" style=\"text-align: center;\">EN RENAULT PRO+<\/h5>\n<h2 class=\"Component4v0__title\" style=\"text-align: center;\"><span style=\"color: #333333;\">Encontrar\u00e1s<\/span><\/h2>\n[\/vc_column_text][\/vc_column][\/vc_row][vc_row css=\u00bb.vc_custom_1702565201007{margin-top: 20px !important;}\u00bb][vc_column width=\u00bb1\/2&#8243;][vc_single_image image=\u00bb2136&#8243; img_size=\u00bbfull\u00bb style=\u00bbvc_box_border\u00bb css=\u00bb\u00bb][vc_column_text]\n<h4>Transformaciones<\/h4>\n<p style=\"text-align: justify;\">Ofrecemos a nuestros clientes profesionales un acompa\u00f1amiento en el desarrollo de las transformaciones y adaptaciones de nuestros veh\u00edculos para cumplir perfectamente con las necesidades de sus negocios.<\/p>\n[\/vc_column_text][\/vc_column][vc_column width=\u00bb1\/2&#8243;][vc_single_image image=\u00bb2135&#8243; img_size=\u00bbfull\u00bb style=\u00bbvc_box_border\u00bb css=\u00bb\u00bb][vc_column_text]\n<h4>El\u00e9ctricos Z.E.<\/h4>\n<p style=\"text-align: justify;\">Renault ofrece una gama de veh\u00edculos Zero Emisiones que brinda grandes ventajas a tu negocio. Obt\u00e9n todos los beneficios del veh\u00edculo de trabajo sin preocuparte por su combustible.<\/p>\n[\/vc_column_text][\/vc_column][\/vc_row][vc_row][vc_column width=\u00bb1\/3&#8243;][vc_single_image image=\u00bb2138&#8243; img_size=\u00bbfull\u00bb style=\u00bbvc_box_border\u00bb css=\u00bb\u00bb][vc_column_text]\n<h4>Renault Pro +<\/h4>\n<p style=\"text-align: justify;\">Nuestra soluci\u00f3n comercial para profesionales<\/p>\n[\/vc_column_text][\/vc_column][vc_column width=\u00bb1\/3&#8243;][vc_single_image image=\u00bb2139&#8243; img_size=\u00bbfull\u00bb style=\u00bbvc_box_border\u00bb css=\u00bb\u00bb][vc_column_text]\n<h4>Nuestra red de especialistas<\/h4>\n<p style=\"text-align: justify;\">Nuestros concesionarios especialistas hacen un esfuerzo adicional para cumplir con tus requerimientos espec\u00edficos.<\/p>\n[\/vc_column_text][\/vc_column][vc_column width=\u00bb1\/3&#8243;][vc_single_image image=\u00bb2140&#8243; img_size=\u00bbfull\u00bb style=\u00bbvc_box_border\u00bb css=\u00bb\u00bb][vc_column_text]\n<h4>Nuestros veh\u00edculos utilitarios<\/h4>\n<p style=\"text-align: justify;\">\u00bfNecesitas un veh\u00edculo para tu negocio? Elige entre nuestra amplia gama de utilitarios. La Renault Kangoo, la Renault Trafic, la Renault Master y nuestra gama de pick up (Oroch y Alaskan) en versiones que se acomodan a tus necesidades.<\/p>\n[\/vc_column_text][\/vc_column][\/vc_row][vc_row css=\u00bb.vc_custom_1702566802304{background-color: #eaeaea !important;}\u00bb][vc_column width=\u00bb1\/2&#8243;][vc_single_image image=\u00bb2141&#8243; img_size=\u00bbfull\u00bb style=\u00bbvc_box_border\u00bb css=\u00bb.vc_custom_1722872042801{margin-top: 30px !important;}\u00bb][\/vc_column][vc_column width=\u00bb1\/2&#8243;][vc_column_text]\n<h4>Servicios<\/h4>\n<p style=\"text-align: justify;\">Renault PRO+ responde a un concepto mundial especialmente desarrollado por Renault para dar soluciones a las necesidades de los clientes profesionales, tanto para las peque\u00f1as y grandes flotas, como para el veh\u00edculo del comerciante independiente.<\/p>\n<p style=\"text-align: justify;\">Renault PRO+ ofrece a los profesionales, concesionarios estrat\u00e9gicamente ubicados y especializados en veh\u00edculos utilitarios. Cuentan con equipos de trabajo altamente capacitados y dedicados a los veh\u00edculos profesionales, zonas de exhibici\u00f3n de veh\u00edculos de trabajo, maquinaria<br \/>\nadaptada al mantenimiento de los carros y amplia gama de servicios.<\/p>\n<p style=\"text-align: justify;\">Ya que conocemos perfectamente las necesidades de los clientes profesionales, Renault PRO+ se convierte en un centro de servicios a medida que los permite ahorrar tiempo y dinero aprovechando as\u00ed completamente sus veh\u00edculos de trabajo.<\/p>\n[\/vc_column_text][\/vc_column][\/vc_row][vc_row css=\u00bb.vc_custom_1702570483124{margin-top: 20px !important;}\u00bb][vc_column width=\u00bb1\/2&#8243;][vc_column_text css=\u00bb\u00bb]\n<h4>Comun\u00edcate con nosotros y encuentra en Renault la soluci\u00f3n ideal para tu negocio<\/h4>\n<p>Juan Carlos Ram\u00edrez<\/p>\n<p>L\u00edder Pro Plus<\/p>\n<p>Juanramirez@marcali.com<\/p>\n<p>Cel: 3011992623[\/vc_column_text][\/vc_column][vc_column width=\u00bb1\/2&#8243;][vc_single_image image=\u00bb2142&#8243; img_size=\u00bbfull\u00bb style=\u00bbvc_box_border\u00bb css=\u00bb\u00bb][\/vc_column][\/vc_row][vc_row][vc_column][vc_column_text][\/vc_column_text][\/vc_column][\/vc_row]\n<\/div>","protected":false},"excerpt":{"rendered":"<p>[vc_row][vc_column][\/vc_column][\/vc_row][vc_row css=\u00bb.vc_custom_1702563074192{margin-top: 30px !important;margin-right: 0px !important;margin-left: 0px !important;border-right-width: 0px !important;border-left-width: 0px !important;padding-right: 0px !important;padding-left: 0px !important;background-color: #ffffff !important;}\u00bb][vc_column][vc_row_inner el_id=\u00bbrenaultpro\u00bb][vc_column_inner][vc_column_text]En Renault sabemos que tu negocio tiene necesidades espec\u00edficas por lo que hemos desarrollado una divisi\u00f3n para asesorarte en la adquisici\u00f3n de veh\u00edculos para tu empresa. Renault Ventas corporativas brinda a sus clientes ofertas comerciales exclusivas y un equipo especializado en soluciones de transporte, carga y pasajeros. <\/p>\n<ul>\n<li>Convenios empresariales.<\/li>\n<li>Licitaciones.<\/li>\n<\/ul>\n<p> [\/vc_column_text][\/vc_column_inner][\/vc_row_inner][\/vc_column][\/vc_row][vc_row css=\u00bb.vc_custom_1702565180393{background-color: #eaeaea !important;}\u00bb][vc_column][vc_column_text] EN RENAULT PRO+ Encontrar\u00e1s [\/vc_column_text][\/vc_column][\/vc_row][vc_row css=\u00bb.vc_custom_1702565201007{margin-top: 20px !important;}\u00bb][vc_column width=\u00bb1\/2&#8243;][vc_single_image image=\u00bb2136&#8243; img_size=\u00bbfull\u00bb style=\u00bbvc_box_border\u00bb css=\u00bb\u00bb][vc_column_text] Transformaciones <\/p>\n<p style=\"text-align: justify;\">Ofrecemos a nuestros clientes profesionales un acompa\u00f1amiento en el desarrollo de las transformaciones y adaptaciones de nuestros veh\u00edculos para cumplir perfectamente con las necesidades de sus negocios.<\/p>\n<p> [\/vc_column_text][\/vc_column][vc_column width=\u00bb1\/2&#8243;][vc_single_image image=\u00bb2135&#8243; img_size=\u00bbfull\u00bb style=\u00bbvc_box_border\u00bb css=\u00bb\u00bb][vc_column_text] El\u00e9ctricos Z.E. <\/p>\n<p style=\"text-align: justify;\">Renault ofrece una gama de veh\u00edculos Zero Emisiones que brinda grandes ventajas a tu negocio. Obt\u00e9n todos los beneficios del veh\u00edculo de trabajo sin preocuparte por su combustible.<\/p>\n<p> [&#8230;]<\/p>\n","protected":false},"author":1,"featured_media":0,"parent":0,"menu_order":0,"comment_status":"closed","ping_status":"closed","template":"renault2.php","meta":{"_joinchat":[]},"_links":{"self":[{"href":"https:\/\/www.marcali.com\/renault\/wp-json\/wp\/v2\/pages\/2130"}],"collection":[{"href":"https:\/\/www.marcali.com\/renault\/wp-json\/wp\/v2\/pages"}],"about":[{"href":"https:\/\/www.marcali.com\/renault\/wp-json\/wp\/v2\/types\/page"}],"author":[{"embeddable":true,"href":"https:\/\/www.marcali.com\/renault\/wp-json\/wp\/v2\/users\/1"}],"replies":[{"embeddable":true,"href":"https:\/\/www.marcali.com\/renault\/wp-json\/wp\/v2\/comments?post=2130"}],"version-history":[{"count":4,"href":"https:\/\/www.marcali.com\/renault\/wp-json\/wp\/v2\/pages\/2130\/revisions"}],"predecessor-version":[{"id":2212,"href":"https:\/\/www.marcali.com\/renault\/wp-json\/wp\/v2\/pages\/2130\/revisions\/2212"}],"wp:attachment":[{"href":"https:\/\/www.marcali.com\/renault\/wp-json\/wp\/v2\/media?parent=2130"}],"curies":[{"name":"wp","href":"https:\/\/api.w.org\/{rel}","templated":true}]}}